{"id":492,"date":"2024-05-20T16:32:06","date_gmt":"2024-05-20T19:32:06","guid":{"rendered":"https:\/\/zsistemas.com.br\/?page_id=492"},"modified":"2024-05-20T17:02:05","modified_gmt":"2024-05-20T20:02:05","slug":"banco-de-peritos-dos-tribunais","status":"publish","type":"page","link":"https:\/\/zsistemas.com.br\/index.php\/banco-de-peritos-dos-tribunais\/","title":{"rendered":"Banco de Peritos dos Tribunais"},"content":{"rendered":"\n<p class=\"has-medium-font-size\">Nesta p\u00e1gina voc\u00ea encontrar\u00e1 os bancos de Peritos de v\u00e1rios Tribunais brasileiros, informando o link para se cadastrar e talvez at\u00e9 o manual.<\/p>\n\n\n\n<h2 class=\"wp-block-heading\">Banco de Peritos da Plataforma<\/h2>\n\n\n\n<p class=\"has-medium-font-size\"><a href=\"https:\/\/aj.tjmg.jus.br\/\" target=\"_blank\" rel=\"noopener\" title=\"\">Link do banco de Peritos da Plataforma Per\u00edciaJudicial<\/a><\/p>\n\n\n\n<p class=\"has-medium-font-size\"><a href=\"https:\/\/aj.tjmg.jus.br\/aj\/internetaberto\/documentospublicados.jsf\" target=\"_blank\" rel=\"noopener\" title=\"\">Link para quem j\u00e1 \u00e9 cadastrado editar os dados<\/a><\/p>\n\n\n\n<h2 class=\"wp-block-heading\">TJMG &#8211; Tribunal de Minas Gerais<\/h2>\n\n\n\n<p class=\"has-medium-font-size\"><a href=\"https:\/\/aj.tjmg.jus.br\/\" target=\"_blank\" rel=\"noopener\" title=\"\">Link do banco de Peritos do TJMG<\/a><\/p>\n\n\n\n<p class=\"has-medium-font-size\"><a href=\"https:\/\/aj.tjmg.jus.br\/aj\/internetaberto\/documentospublicados.jsf\" target=\"_blank\" rel=\"noopener\" title=\"\">Link dos manuais do banco de Peritos do TJMG<\/a><\/p>\n\n\n\n<h2 class=\"wp-block-heading\">TJSP &#8211; Tribunal de S\u00e3o Paulo<\/h2>\n\n\n\n<p class=\"has-medium-font-size\"><a href=\"https:\/\/www.tjsp.jus.br\/auxiliaresjustica\/login\" target=\"_blank\" rel=\"noopener\" title=\"\">Link do banco de Peritos do TJSP<br><\/a><a href=\"https:\/\/www.tjsp.jus.br\/Download\/AuxiliaresdaJustica\/ManualAuxiliaresJustica-Auxiliar.pdf?d=1716233512103\" target=\"_blank\" rel=\"noopener\" title=\"\">Link do manual do banco de Peritos do TJSP<\/a><\/p>\n\n\n\n<h2 class=\"wp-block-heading\">TJGO &#8211; Tribunal de Goi\u00e1s<\/h2>\n\n\n\n<p class=\"has-medium-font-size\"><a href=\"https:\/\/corregedoria.tjgo.jus.br\/bancodeperitos\/login\" target=\"_blank\" rel=\"noopener\" title=\"\">Link do banco de Peritos do TJGO<\/a><\/p>\n\n\n\n<h2 class=\"wp-block-heading\">TJPR &#8211; Tribunal do Paran\u00e1<\/h2>\n\n\n\n<p class=\"has-medium-font-size\"><a href=\"https:\/\/corregedoria.tjgo.jus.br\/bancodeperitos\/login\" target=\"_blank\" rel=\"noopener\" title=\"\">Link do banco de Peritos do TJPR<\/a><\/p>\n\n\n\n<h2 class=\"wp-block-heading\">TJPE &#8211; Tribunal de Pernambuco<\/h2>\n\n\n\n<p class=\"has-medium-font-size\"><a href=\"https:\/\/www.tjpe.jus.br\/auxiliaresdajustica\/signup\/home\" target=\"_blank\" rel=\"noopener\" title=\"\">Link do banco de Peritos do TJPE<\/a><\/p>\n\n\n\n<p class=\"has-medium-font-size\"><a href=\"https:\/\/portal.tjpe.jus.br\/documents\/10180\/2639984\/Auxiliares_da_Justic%C2%B8a_-_Manual_Usua%C2%B4rio_Externo_-_v1.0.pdf\/4ffc3120-13e3-7735-5107-2bd6da2dde2c\" target=\"_blank\" rel=\"noopener\" title=\"\">Link do manual do banco de Peritos do TJPE<\/a><\/p>\n","protected":false},"excerpt":{"rendered":"<p>Nesta p\u00e1gina voc\u00ea encontrar\u00e1 os bancos de Peritos de v\u00e1rios Tribunais brasileiros, informando o link para se cadastrar e talvez at\u00e9 o manual. Banco de Peritos da Plataforma Link do<\/p>\n","protected":false},"author":1,"featured_media":0,"parent":0,"menu_order":0,"comment_status":"closed","ping_status":"closed","template":"","meta":{"om_disable_all_campaigns":false,"footnotes":""},"class_list":["post-492","page","type-page","status-publish","hentry"],"_links":{"self":[{"href":"https:\/\/zsistemas.com.br\/index.php\/wp-json\/wp\/v2\/pages\/492","targetHints":{"allow":["GET"]}}],"collection":[{"href":"https:\/\/zsistemas.com.br\/index.php\/wp-json\/wp\/v2\/pages"}],"about":[{"href":"https:\/\/zsistemas.com.br\/index.php\/wp-json\/wp\/v2\/types\/page"}],"author":[{"embeddable":true,"href":"https:\/\/zsistemas.com.br\/index.php\/wp-json\/wp\/v2\/users\/1"}],"replies":[{"embeddable":true,"href":"https:\/\/zsistemas.com.br\/index.php\/wp-json\/wp\/v2\/comments?post=492"}],"version-history":[{"count":3,"href":"https:\/\/zsistemas.com.br\/index.php\/wp-json\/wp\/v2\/pages\/492\/revisions"}],"predecessor-version":[{"id":499,"href":"https:\/\/zsistemas.com.br\/index.php\/wp-json\/wp\/v2\/pages\/492\/revisions\/499"}],"wp:attachment":[{"href":"https:\/\/zsistemas.com.br\/index.php\/wp-json\/wp\/v2\/media?parent=492"}],"curies":[{"name":"wp","href":"https:\/\/api.w.org\/{rel}","templated":true}]}}